{"id":720,"date":"2022-07-03T12:56:57","date_gmt":"2022-07-03T12:56:57","guid":{"rendered":"https:\/\/www.clinicaprevention.com\/?page_id=720"},"modified":"2024-03-01T10:12:36","modified_gmt":"2024-03-01T10:12:36","slug":"prevention","status":"publish","type":"page","link":"https:\/\/www.clinicaprevention.com\/","title":{"rendered":"PREVENTION"},"content":{"rendered":"\t\t<div data-elementor-type=\"wp-page\" data-elementor-id=\"720\" class=\"elementor elementor-720\">\n\t\t\t\t\t\t\t\t\t<section class=\"elementor-section elementor-top-section elementor-element elementor-element-721aa1d elementor-section-boxed elementor-section-height-default elementor-section-height-default wpr-particle-no wpr-jarallax-no wpr-parallax-no wpr-sticky-section-no\" data-id=\"721aa1d\" data-element_type=\"section\">\n\t\t\t\t\t\t<div class=\"elementor-container elementor-column-gap-default\">\n\t\t\t\t\t<div class=\"elementor-column elementor-col-100 elementor-top-column elementor-element elementor-element-2ce8c17\" data-id=\"2ce8c17\" data-element_type=\"column\">\n\t\t\t<div class=\"elementor-widget-wrap elementor-element-populated\">\n\t\t\t\t\t\t\t\t<div class=\"elementor-element elementor-element-465bc64 elementor-widget elementor-widget-text-editor\" data-id=\"465bc64\" data-element_type=\"widget\" data-widget_type=\"text-editor.default\">\n\t\t\t\t<div class=\"elementor-widget-container\">\n\t\t\t<style>\/*! elementor - v3.18.0 - 20-12-2023 *\/\n.elementor-widget-text-editor.elementor-drop-cap-view-stacked .elementor-drop-cap{background-color:#69727d;color:#fff}.elementor-widget-text-editor.elementor-drop-cap-view-framed .elementor-drop-cap{color:#69727d;border:3px solid;background-color:transparent}.elementor-widget-text-editor:not(.elementor-drop-cap-view-default) .elementor-drop-cap{margin-top:8px}.elementor-widget-text-editor:not(.elementor-drop-cap-view-default) .elementor-drop-cap-letter{width:1em;height:1em}.elementor-widget-text-editor .elementor-drop-cap{float:left;text-align:center;line-height:1;font-size:50px}.elementor-widget-text-editor .elementor-drop-cap-letter{display:inline-block}<\/style>\t\t\t\t<p><span style=\"color: #ffffff;\">Bienvenid@ a cl\u00ednica Prevention, cl\u00ednica de fisioterapia y osteopat\u00eda, situada en el Carrascal (Legan\u00e9s) Avd. Rey Juan Carlos I 92-96 Planta 1\u00ba Puerta 12.<\/span> <a href=\"https:\/\/maps.app.goo.gl\/F6ogVtKkA1WKWpEeA\" target=\"_blank\" rel=\"noopener\">Ll\u00e9vame\u00a0<\/a><\/p>\t\t\t\t\t\t<\/div>\n\t\t\t\t<\/div>\n\t\t\t\t\t<\/div>\n\t\t<\/div>\n\t\t\t\t\t\t\t<\/div>\n\t\t<\/section>\n\t\t\t\t<section class=\"elementor-section elementor-top-section elementor-element elementor-element-9d9136d elementor-section-boxed elementor-section-height-default elementor-section-height-default wpr-particle-no wpr-jarallax-no wpr-parallax-no wpr-sticky-section-no\" data-id=\"9d9136d\" data-element_type=\"section\">\n\t\t\t\t\t\t<div class=\"elementor-container elementor-column-gap-default\">\n\t\t\t\t\t<div class=\"elementor-column elementor-col-33 elementor-top-column elementor-element elementor-element-349e946\" data-id=\"349e946\" data-element_type=\"column\">\n\t\t\t<div class=\"elementor-widget-wrap elementor-element-populated\">\n\t\t\t\t\t\t\t\t<div class=\"elementor-element elementor-element-ce3e9ef elementor-widget elementor-widget-text-editor\" data-id=\"ce3e9ef\" data-element_type=\"widget\" data-widget_type=\"text-editor.default\">\n\t\t\t\t<div class=\"elementor-widget-container\">\n\t\t\t\t\t\t\t<p><a href=\"https:\/\/www.clinicaprevention.com\/wp-content\/uploads\/2023\/12\/WebCartel1.png\"><img fetchpriority=\"high\" decoding=\"async\" class=\"aligncenter size-full wp-image-946\" src=\"https:\/\/www.clinicaprevention.com\/wp-content\/uploads\/2023\/12\/WebCartel1.png\" alt=\"\" width=\"4622\" height=\"8000\" srcset=\"https:\/\/www.clinicaprevention.com\/wp-content\/uploads\/2023\/12\/WebCartel1.png 4622w, https:\/\/www.clinicaprevention.com\/wp-content\/uploads\/2023\/12\/WebCartel1-173x300.png 173w, https:\/\/www.clinicaprevention.com\/wp-content\/uploads\/2023\/12\/WebCartel1-592x1024.png 592w, https:\/\/www.clinicaprevention.com\/wp-content\/uploads\/2023\/12\/WebCartel1-768x1329.png 768w, https:\/\/www.clinicaprevention.com\/wp-content\/uploads\/2023\/12\/WebCartel1-887x1536.png 887w, https:\/\/www.clinicaprevention.com\/wp-content\/uploads\/2023\/12\/WebCartel1-1183x2048.png 1183w, https:\/\/www.clinicaprevention.com\/wp-content\/uploads\/2023\/12\/WebCartel1-1140x1973.png 1140w\" sizes=\"(max-width: 4622px) 100vw, 4622px\" \/><\/a><\/p>\t\t\t\t\t\t<\/div>\n\t\t\t\t<\/div>\n\t\t\t\t<div class=\"elementor-element elementor-element-52ef157 elementor-align-center elementor-widget elementor-widget-button\" data-id=\"52ef157\" data-element_type=\"widget\" data-widget_type=\"button.default\">\n\t\t\t\t<div class=\"elementor-widget-container\">\n\t\t\t\t\t<div class=\"elementor-button-wrapper\">\n\t\t\t<a class=\"elementor-button elementor-button-link elementor-size-md\" href=\"https:\/\/www.clinicaprevention.com\/index.php\/contacto\/\">\n\t\t\t\t\t\t<span class=\"elementor-button-content-wrapper\">\n\t\t\t\t\t\t<span class=\"elementor-button-icon elementor-align-icon-left\">\n\t\t\t\t<i aria-hidden=\"true\" class=\"far fa-address-card\"><\/i>\t\t\t<\/span>\n\t\t\t\t\t\t<span class=\"elementor-button-text\">Contacto<\/span>\n\t\t<\/span>\n\t\t\t\t\t<\/a>\n\t\t<\/div>\n\t\t\t\t<\/div>\n\t\t\t\t<\/div>\n\t\t\t\t\t<\/div>\n\t\t<\/div>\n\t\t\t\t<div class=\"elementor-column elementor-col-33 elementor-top-column elementor-element elementor-element-ee404b2\" data-id=\"ee404b2\" data-element_type=\"column\">\n\t\t\t<div class=\"elementor-widget-wrap elementor-element-populated\">\n\t\t\t\t\t\t\t\t<div class=\"elementor-element elementor-element-8ff28a9 elementor-widget elementor-widget-text-editor\" data-id=\"8ff28a9\" data-element_type=\"widget\" data-widget_type=\"text-editor.default\">\n\t\t\t\t<div class=\"elementor-widget-container\">\n\t\t\t\t\t\t\t<figure id=\"attachment_973\" aria-describedby=\"caption-attachment-973\" style=\"width: 784px\" class=\"wp-caption aligncenter\"><a href=\"https:\/\/www.clinicaprevention.com\/wp-content\/uploads\/2024\/02\/BonosClinica.jpg\"><img decoding=\"async\" class=\"size-full wp-image-973 lazyload\" data-src=\"https:\/\/www.clinicaprevention.com\/wp-content\/uploads\/2024\/02\/BonosClinica.jpg\" alt=\"\" width=\"784\" height=\"780\" data-srcset=\"https:\/\/www.clinicaprevention.com\/wp-content\/uploads\/2024\/02\/BonosClinica.jpg 784w, https:\/\/www.clinicaprevention.com\/wp-content\/uploads\/2024\/02\/BonosClinica-300x298.jpg 300w, https:\/\/www.clinicaprevention.com\/wp-content\/uploads\/2024\/02\/BonosClinica-150x150.jpg 150w, https:\/\/www.clinicaprevention.com\/wp-content\/uploads\/2024\/02\/BonosClinica-768x764.jpg 768w, https:\/\/www.clinicaprevention.com\/wp-content\/uploads\/2024\/02\/BonosClinica-75x75.jpg 75w\" data-sizes=\"(max-width: 784px) 100vw, 784px\" src=\"data:image\/gif;base64,R0lGODlhAQABAAAAACH5BAEKAAEALAAAAAABAAEAAAICTAEAOw==\" style=\"--smush-placeholder-width: 784px; --smush-placeholder-aspect-ratio: 784\/780;\" \/><noscript><img decoding=\"async\" class=\"size-full wp-image-973\" src=\"https:\/\/www.clinicaprevention.com\/wp-content\/uploads\/2024\/02\/BonosClinica.jpg\" alt=\"\" width=\"784\" height=\"780\" srcset=\"https:\/\/www.clinicaprevention.com\/wp-content\/uploads\/2024\/02\/BonosClinica.jpg 784w, https:\/\/www.clinicaprevention.com\/wp-content\/uploads\/2024\/02\/BonosClinica-300x298.jpg 300w, https:\/\/www.clinicaprevention.com\/wp-content\/uploads\/2024\/02\/BonosClinica-150x150.jpg 150w, https:\/\/www.clinicaprevention.com\/wp-content\/uploads\/2024\/02\/BonosClinica-768x764.jpg 768w, https:\/\/www.clinicaprevention.com\/wp-content\/uploads\/2024\/02\/BonosClinica-75x75.jpg 75w\" sizes=\"(max-width: 784px) 100vw, 784px\" \/><\/noscript><\/a><figcaption id=\"caption-attachment-973\" class=\"wp-caption-text\">Bonos disponibles en la cl\u00ednica<\/figcaption><\/figure><p><span style=\"color: #ffffff;\">Bonos Fisioterapia:.<\/span><\/p><p><span style=\"color: #ffffff;\">\u00a0<\/span><\/p><p><span style=\"color: #ffffff;\">\u00a0<\/span><\/p><p><span style=\"color: #ffffff;\">\u00a0<\/span><\/p>\t\t\t\t\t\t<\/div>\n\t\t\t\t<\/div>\n\t\t\t\t<div class=\"elementor-element elementor-element-f07101d elementor-align-center elementor-widget elementor-widget-button\" data-id=\"f07101d\" data-element_type=\"widget\" data-widget_type=\"button.default\">\n\t\t\t\t<div class=\"elementor-widget-container\">\n\t\t\t\t\t<div class=\"elementor-button-wrapper\">\n\t\t\t<a class=\"elementor-button elementor-button-link elementor-size-md\" href=\"https:\/\/www.clinicaprevention.com\/index.php\/servicios\/\">\n\t\t\t\t\t\t<span class=\"elementor-button-content-wrapper\">\n\t\t\t\t\t\t<span class=\"elementor-button-text\">Servicios<\/span>\n\t\t<\/span>\n\t\t\t\t\t<\/a>\n\t\t<\/div>\n\t\t\t\t<\/div>\n\t\t\t\t<\/div>\n\t\t\t\t\t<\/div>\n\t\t<\/div>\n\t\t\t\t<div class=\"elementor-column elementor-col-33 elementor-top-column elementor-element elementor-element-68dd7f6\" data-id=\"68dd7f6\" data-element_type=\"column\">\n\t\t\t<div class=\"elementor-widget-wrap elementor-element-populated\">\n\t\t\t\t\t\t\t\t<div class=\"elementor-element elementor-element-dc97b2f elementor-widget elementor-widget-text-editor\" data-id=\"dc97b2f\" data-element_type=\"widget\" data-widget_type=\"text-editor.default\">\n\t\t\t\t<div class=\"elementor-widget-container\">\n\t\t\t\t\t\t\t<div class=\"wpb_single_image wpb_content_element vc_align_center icono-prestacion\"><div class=\"wpb_wrapper\"><div><a href=\"https:\/\/www.clinicaprevention.com\/wp-content\/uploads\/2022\/07\/colegioFisios.jpg\"><img decoding=\"async\" class=\"aligncenter size-full wp-image-773 lazyload\" data-src=\"https:\/\/www.clinicaprevention.com\/wp-content\/uploads\/2022\/07\/colegioFisios.jpg\" alt=\"\" width=\"768\" height=\"403\" data-srcset=\"https:\/\/www.clinicaprevention.com\/wp-content\/uploads\/2022\/07\/colegioFisios.jpg 768w, https:\/\/www.clinicaprevention.com\/wp-content\/uploads\/2022\/07\/colegioFisios-300x157.jpg 300w\" data-sizes=\"(max-width: 768px) 100vw, 768px\" src=\"data:image\/gif;base64,R0lGODlhAQABAAAAACH5BAEKAAEALAAAAAABAAEAAAICTAEAOw==\" style=\"--smush-placeholder-width: 768px; --smush-placeholder-aspect-ratio: 768\/403;\" \/><noscript><img decoding=\"async\" class=\"aligncenter size-full wp-image-773\" src=\"https:\/\/www.clinicaprevention.com\/wp-content\/uploads\/2022\/07\/colegioFisios.jpg\" alt=\"\" width=\"768\" height=\"403\" srcset=\"https:\/\/www.clinicaprevention.com\/wp-content\/uploads\/2022\/07\/colegioFisios.jpg 768w, https:\/\/www.clinicaprevention.com\/wp-content\/uploads\/2022\/07\/colegioFisios-300x157.jpg 300w\" sizes=\"(max-width: 768px) 100vw, 768px\" \/><\/noscript><\/a><\/div><h3>\u00a0<\/h3><h3 class=\"vc_single_image-wrapper vc_box_border_grey\"><span style=\"color: #ffffff;\">TRATAMIENTOS 100% MANUALES<\/span><\/h3><p>\u00a0<\/p><\/div><\/div><div class=\"wpb_text_column wpb_content_element prestacion-home\"><div class=\"wpb_wrapper\"><h3><span style=\"color: #ffffff;\">FISIOTERAPEUTAS COLEGIADOS<\/span><\/h3><p>\u00a0<\/p><p class=\"info-prestacion info-colegiados\"><span style=\"color: #ffffff;\">Centro autorizado por la Consejer\u00eda de Sanidad de la Comunidad de Madrid (n\u00fam. ). Miembro del Colegio Profesional de Fisioterapeutas de la Comunidad de Madrid.<\/span><\/p><p>\u00a0<\/p><\/div><\/div>\t\t\t\t\t\t<\/div>\n\t\t\t\t<\/div>\n\t\t\t\t\t<\/div>\n\t\t<\/div>\n\t\t\t\t\t\t\t<\/div>\n\t\t<\/section>\n\t\t\t\t\t\t\t<\/div>\n\t\t","protected":false},"excerpt":{"rendered":"<p>Bienvenid@ a cl\u00ednica Prevention, cl\u00ednica de fisioterapia y osteopat\u00eda, situada en el Carrascal (Legan\u00e9s) Avd. Rey Juan Carlos I 92-96 Planta 1\u00ba Puerta 12. Ll\u00e9vame\u00a0 Contacto Bonos Fisioterapia:. \u00a0 \u00a0 \u00a0 Servicios \u00a0 TRATAMIENTOS 100% MANUALES \u00a0 FISIOTERAPEUTAS COLEGIADOS \u00a0 Centro autorizado por la Consejer\u00eda de Sanidad de la Comunidad de Madrid (n\u00fam. ). Miembro del Colegio Profesional de Fisioterapeutas de la Comunidad de Madrid. \u00a0<\/p>\n","protected":false},"author":1,"featured_media":0,"parent":0,"menu_order":0,"comment_status":"closed","ping_status":"closed","template":"elementor_header_footer","meta":{"footnotes":""},"class_list":["post-720","page","type-page","status-publish","hentry"],"yoast_head":"<!-- This site is optimized with the Yoast SEO plugin v22.7 - https:\/\/yoast.com\/wordpress\/plugins\/seo\/ -->\n<title>PREVENTION<\/title>\n<meta name=\"robots\" content=\"index, follow, max-snippet:-1, max-image-preview:large, max-video-preview:-1\" \/>\n<link rel=\"canonical\" href=\"https:\/\/www.clinicaprevention.com\/\" \/>\n<meta property=\"og:locale\" content=\"es_ES\" \/>\n<meta property=\"og:type\" content=\"article\" \/>\n<meta property=\"og:title\" content=\"PREVENTION\" \/>\n<meta property=\"og:description\" content=\"Bienvenid@ a cl\u00ednica Prevention, cl\u00ednica de fisioterapia y osteopat\u00eda, situada en el Carrascal (Legan\u00e9s) Avd. Rey Juan Carlos I 92-96 Planta 1\u00ba Puerta 12. Ll\u00e9vame\u00a0 Contacto Bonos Fisioterapia:. \u00a0 \u00a0 \u00a0 Servicios \u00a0 TRATAMIENTOS 100% MANUALES \u00a0 FISIOTERAPEUTAS COLEGIADOS \u00a0 Centro autorizado por la Consejer\u00eda de Sanidad de la Comunidad de Madrid (n\u00fam. ). Miembro del Colegio Profesional de Fisioterapeutas de la Comunidad de Madrid. \u00a0\" \/>\n<meta property=\"og:url\" content=\"https:\/\/www.clinicaprevention.com\/\" \/>\n<meta property=\"og:site_name\" content=\"Clinica Prevention\" \/>\n<meta property=\"article:modified_time\" content=\"2024-03-01T10:12:36+00:00\" \/>\n<meta property=\"og:image\" content=\"https:\/\/www.clinicaprevention.com\/wp-content\/uploads\/2023\/12\/WebCartel1.png\" \/>\n<meta name=\"twitter:card\" content=\"summary_large_image\" \/>\n<meta name=\"twitter:label1\" content=\"Tiempo de lectura\" \/>\n\t<meta name=\"twitter:data1\" content=\"1 minuto\" \/>\n<script type=\"application\/ld+json\" class=\"yoast-schema-graph\">{\"@context\":\"https:\/\/schema.org\",\"@graph\":[{\"@type\":\"WebPage\",\"@id\":\"https:\/\/www.clinicaprevention.com\/\",\"url\":\"https:\/\/www.clinicaprevention.com\/\",\"name\":\"PREVENTION\",\"isPartOf\":{\"@id\":\"https:\/\/www.clinicaprevention.com\/#website\"},\"primaryImageOfPage\":{\"@id\":\"https:\/\/www.clinicaprevention.com\/#primaryimage\"},\"image\":{\"@id\":\"https:\/\/www.clinicaprevention.com\/#primaryimage\"},\"thumbnailUrl\":\"https:\/\/www.clinicaprevention.com\/wp-content\/uploads\/2023\/12\/WebCartel1.png\",\"datePublished\":\"2022-07-03T12:56:57+00:00\",\"dateModified\":\"2024-03-01T10:12:36+00:00\",\"breadcrumb\":{\"@id\":\"https:\/\/www.clinicaprevention.com\/#breadcrumb\"},\"inLanguage\":\"es\",\"potentialAction\":[{\"@type\":\"ReadAction\",\"target\":[\"https:\/\/www.clinicaprevention.com\/\"]}]},{\"@type\":\"ImageObject\",\"inLanguage\":\"es\",\"@id\":\"https:\/\/www.clinicaprevention.com\/#primaryimage\",\"url\":\"https:\/\/www.clinicaprevention.com\/wp-content\/uploads\/2023\/12\/WebCartel1.png\",\"contentUrl\":\"https:\/\/www.clinicaprevention.com\/wp-content\/uploads\/2023\/12\/WebCartel1.png\",\"width\":4622,\"height\":8000},{\"@type\":\"BreadcrumbList\",\"@id\":\"https:\/\/www.clinicaprevention.com\/#breadcrumb\",\"itemListElement\":[{\"@type\":\"ListItem\",\"position\":1,\"name\":\"Portada\",\"item\":\"https:\/\/www.clinicaprevention.com\/\"},{\"@type\":\"ListItem\",\"position\":2,\"name\":\"PREVENTION\"}]},{\"@type\":\"WebSite\",\"@id\":\"https:\/\/www.clinicaprevention.com\/#website\",\"url\":\"https:\/\/www.clinicaprevention.com\/\",\"name\":\"Clinica Prevention\",\"description\":\"Clinica fisioterapia, osteopatia\",\"publisher\":{\"@id\":\"https:\/\/www.clinicaprevention.com\/#organization\"},\"potentialAction\":[{\"@type\":\"SearchAction\",\"target\":{\"@type\":\"EntryPoint\",\"urlTemplate\":\"https:\/\/www.clinicaprevention.com\/?s={search_term_string}\"},\"query-input\":\"required name=search_term_string\"}],\"inLanguage\":\"es\"},{\"@type\":\"Organization\",\"@id\":\"https:\/\/www.clinicaprevention.com\/#organization\",\"name\":\"CLINICA PREVENTION\",\"url\":\"https:\/\/www.clinicaprevention.com\/\",\"logo\":{\"@type\":\"ImageObject\",\"inLanguage\":\"es\",\"@id\":\"https:\/\/www.clinicaprevention.com\/#\/schema\/logo\/image\/\",\"url\":\"https:\/\/www.clinicaprevention.com\/wp-content\/uploads\/2021\/11\/cropped-cropped-ClinicaPrevention.jpg\",\"contentUrl\":\"https:\/\/www.clinicaprevention.com\/wp-content\/uploads\/2021\/11\/cropped-cropped-ClinicaPrevention.jpg\",\"width\":2000,\"height\":1201,\"caption\":\"CLINICA PREVENTION\"},\"image\":{\"@id\":\"https:\/\/www.clinicaprevention.com\/#\/schema\/logo\/image\/\"}}]}<\/script>\n<!-- \/ Yoast SEO plugin. -->","yoast_head_json":{"title":"PREVENTION","robots":{"index":"index","follow":"follow","max-snippet":"max-snippet:-1","max-image-preview":"max-image-preview:large","max-video-preview":"max-video-preview:-1"},"canonical":"https:\/\/www.clinicaprevention.com\/","og_locale":"es_ES","og_type":"article","og_title":"PREVENTION","og_description":"Bienvenid@ a cl\u00ednica Prevention, cl\u00ednica de fisioterapia y osteopat\u00eda, situada en el Carrascal (Legan\u00e9s) Avd. Rey Juan Carlos I 92-96 Planta 1\u00ba Puerta 12. Ll\u00e9vame\u00a0 Contacto Bonos Fisioterapia:. \u00a0 \u00a0 \u00a0 Servicios \u00a0 TRATAMIENTOS 100% MANUALES \u00a0 FISIOTERAPEUTAS COLEGIADOS \u00a0 Centro autorizado por la Consejer\u00eda de Sanidad de la Comunidad de Madrid (n\u00fam. ). Miembro del Colegio Profesional de Fisioterapeutas de la Comunidad de Madrid. \u00a0","og_url":"https:\/\/www.clinicaprevention.com\/","og_site_name":"Clinica Prevention","article_modified_time":"2024-03-01T10:12:36+00:00","og_image":[{"url":"https:\/\/www.clinicaprevention.com\/wp-content\/uploads\/2023\/12\/WebCartel1.png"}],"twitter_card":"summary_large_image","twitter_misc":{"Tiempo de lectura":"1 minuto"},"schema":{"@context":"https:\/\/schema.org","@graph":[{"@type":"WebPage","@id":"https:\/\/www.clinicaprevention.com\/","url":"https:\/\/www.clinicaprevention.com\/","name":"PREVENTION","isPartOf":{"@id":"https:\/\/www.clinicaprevention.com\/#website"},"primaryImageOfPage":{"@id":"https:\/\/www.clinicaprevention.com\/#primaryimage"},"image":{"@id":"https:\/\/www.clinicaprevention.com\/#primaryimage"},"thumbnailUrl":"https:\/\/www.clinicaprevention.com\/wp-content\/uploads\/2023\/12\/WebCartel1.png","datePublished":"2022-07-03T12:56:57+00:00","dateModified":"2024-03-01T10:12:36+00:00","breadcrumb":{"@id":"https:\/\/www.clinicaprevention.com\/#breadcrumb"},"inLanguage":"es","potentialAction":[{"@type":"ReadAction","target":["https:\/\/www.clinicaprevention.com\/"]}]},{"@type":"ImageObject","inLanguage":"es","@id":"https:\/\/www.clinicaprevention.com\/#primaryimage","url":"https:\/\/www.clinicaprevention.com\/wp-content\/uploads\/2023\/12\/WebCartel1.png","contentUrl":"https:\/\/www.clinicaprevention.com\/wp-content\/uploads\/2023\/12\/WebCartel1.png","width":4622,"height":8000},{"@type":"BreadcrumbList","@id":"https:\/\/www.clinicaprevention.com\/#breadcrumb","itemListElement":[{"@type":"ListItem","position":1,"name":"Portada","item":"https:\/\/www.clinicaprevention.com\/"},{"@type":"ListItem","position":2,"name":"PREVENTION"}]},{"@type":"WebSite","@id":"https:\/\/www.clinicaprevention.com\/#website","url":"https:\/\/www.clinicaprevention.com\/","name":"Clinica Prevention","description":"Clinica fisioterapia, osteopatia","publisher":{"@id":"https:\/\/www.clinicaprevention.com\/#organization"},"potentialAction":[{"@type":"SearchAction","target":{"@type":"EntryPoint","urlTemplate":"https:\/\/www.clinicaprevention.com\/?s={search_term_string}"},"query-input":"required name=search_term_string"}],"inLanguage":"es"},{"@type":"Organization","@id":"https:\/\/www.clinicaprevention.com\/#organization","name":"CLINICA PREVENTION","url":"https:\/\/www.clinicaprevention.com\/","logo":{"@type":"ImageObject","inLanguage":"es","@id":"https:\/\/www.clinicaprevention.com\/#\/schema\/logo\/image\/","url":"https:\/\/www.clinicaprevention.com\/wp-content\/uploads\/2021\/11\/cropped-cropped-ClinicaPrevention.jpg","contentUrl":"https:\/\/www.clinicaprevention.com\/wp-content\/uploads\/2021\/11\/cropped-cropped-ClinicaPrevention.jpg","width":2000,"height":1201,"caption":"CLINICA PREVENTION"},"image":{"@id":"https:\/\/www.clinicaprevention.com\/#\/schema\/logo\/image\/"}}]}},"_links":{"self":[{"href":"https:\/\/www.clinicaprevention.com\/index.php\/wp-json\/wp\/v2\/pages\/720","targetHints":{"allow":["GET"]}}],"collection":[{"href":"https:\/\/www.clinicaprevention.com\/index.php\/wp-json\/wp\/v2\/pages"}],"about":[{"href":"https:\/\/www.clinicaprevention.com\/index.php\/wp-json\/wp\/v2\/types\/page"}],"author":[{"embeddable":true,"href":"https:\/\/www.clinicaprevention.com\/index.php\/wp-json\/wp\/v2\/users\/1"}],"replies":[{"embeddable":true,"href":"https:\/\/www.clinicaprevention.com\/index.php\/wp-json\/wp\/v2\/comments?post=720"}],"version-history":[{"count":96,"href":"https:\/\/www.clinicaprevention.com\/index.php\/wp-json\/wp\/v2\/pages\/720\/revisions"}],"predecessor-version":[{"id":1021,"href":"https:\/\/www.clinicaprevention.com\/index.php\/wp-json\/wp\/v2\/pages\/720\/revisions\/1021"}],"wp:attachment":[{"href":"https:\/\/www.clinicaprevention.com\/index.php\/wp-json\/wp\/v2\/media?parent=720"}],"curies":[{"name":"wp","href":"https:\/\/api.w.org\/{rel}","templated":true}]}}