{"id":532,"date":"2022-04-26T05:10:25","date_gmt":"2022-04-26T05:10:25","guid":{"rendered":"https:\/\/www.clinicaprevention.com\/?page_id=532"},"modified":"2024-02-15T18:48:49","modified_gmt":"2024-02-15T18:48:49","slug":"servicios","status":"publish","type":"page","link":"https:\/\/www.clinicaprevention.com\/index.php\/servicios\/","title":{"rendered":"Servicios"},"content":{"rendered":"\t\t<div data-elementor-type=\"wp-page\" data-elementor-id=\"532\" class=\"elementor elementor-532\">\n\t\t\t\t\t\t\t\t\t<section class=\"elementor-section elementor-top-section elementor-element elementor-element-73275da elementor-section-boxed elementor-section-height-default elementor-section-height-default wpr-particle-no wpr-jarallax-no wpr-parallax-no wpr-sticky-section-no\" data-id=\"73275da\" data-element_type=\"section\">\n\t\t\t\t\t\t<div class=\"elementor-container elementor-column-gap-default\">\n\t\t\t\t\t<div class=\"elementor-column elementor-col-100 elementor-top-column elementor-element elementor-element-628c5bf\" data-id=\"628c5bf\" data-element_type=\"column\">\n\t\t\t<div class=\"elementor-widget-wrap elementor-element-populated\">\n\t\t\t\t\t\t\t\t<div class=\"elementor-element elementor-element-ec8b939 elementor-tabs-alignment-center elementor-tabs-view-horizontal elementor-widget elementor-widget-tabs\" data-id=\"ec8b939\" data-element_type=\"widget\" data-widget_type=\"tabs.default\">\n\t\t\t\t<div class=\"elementor-widget-container\">\n\t\t\t<style>\/*! elementor - v3.18.0 - 20-12-2023 *\/\n.elementor-widget-tabs.elementor-tabs-view-vertical .elementor-tabs-wrapper{width:25%;flex-shrink:0}.elementor-widget-tabs.elementor-tabs-view-vertical .elementor-tab-desktop-title.elementor-active{border-right-style:none}.elementor-widget-tabs.elementor-tabs-view-vertical .elementor-tab-desktop-title.elementor-active:after,.elementor-widget-tabs.elementor-tabs-view-vertical .elementor-tab-desktop-title.elementor-active:before{height:999em;width:0;right:0;border-right-style:solid}.elementor-widget-tabs.elementor-tabs-view-vertical .elementor-tab-desktop-title.elementor-active:before{top:0;transform:translateY(-100%)}.elementor-widget-tabs.elementor-tabs-view-vertical .elementor-tab-desktop-title.elementor-active:after{top:100%}.elementor-widget-tabs.elementor-tabs-view-horizontal .elementor-tab-desktop-title{display:table-cell}.elementor-widget-tabs.elementor-tabs-view-horizontal .elementor-tab-desktop-title.elementor-active{border-bottom-style:none}.elementor-widget-tabs.elementor-tabs-view-horizontal .elementor-tab-desktop-title.elementor-active:after,.elementor-widget-tabs.elementor-tabs-view-horizontal .elementor-tab-desktop-title.elementor-active:before{bottom:0;height:0;width:999em;border-bottom-style:solid}.elementor-widget-tabs.elementor-tabs-view-horizontal .elementor-tab-desktop-title.elementor-active:before{right:100%}.elementor-widget-tabs.elementor-tabs-view-horizontal .elementor-tab-desktop-title.elementor-active:after{left:100%}.elementor-widget-tabs .elementor-tab-content,.elementor-widget-tabs .elementor-tab-title,.elementor-widget-tabs .elementor-tab-title:after,.elementor-widget-tabs .elementor-tab-title:before,.elementor-widget-tabs .elementor-tabs-content-wrapper{border:1px #d5d8dc}.elementor-widget-tabs .elementor-tabs{text-align:left}.elementor-widget-tabs .elementor-tabs-wrapper{overflow:hidden}.elementor-widget-tabs .elementor-tab-title{cursor:pointer;outline:var(--focus-outline,none)}.elementor-widget-tabs .elementor-tab-desktop-title{position:relative;padding:20px 25px;font-weight:700;line-height:1;border:solid transparent}.elementor-widget-tabs .elementor-tab-desktop-title.elementor-active{border-color:#d5d8dc}.elementor-widget-tabs .elementor-tab-desktop-title.elementor-active:after,.elementor-widget-tabs .elementor-tab-desktop-title.elementor-active:before{display:block;content:\"\";position:absolute}.elementor-widget-tabs .elementor-tab-desktop-title:focus-visible{border:1px solid #000}.elementor-widget-tabs .elementor-tab-mobile-title{padding:10px;cursor:pointer}.elementor-widget-tabs .elementor-tab-content{padding:20px;display:none}@media (max-width:767px){.elementor-tabs .elementor-tab-content,.elementor-tabs .elementor-tab-title{border-style:solid solid none}.elementor-tabs .elementor-tabs-wrapper{display:none}.elementor-tabs .elementor-tabs-content-wrapper{border-bottom-style:solid}.elementor-tabs .elementor-tab-content{padding:10px}}@media (min-width:768px){.elementor-widget-tabs.elementor-tabs-view-vertical .elementor-tabs{display:flex}.elementor-widget-tabs.elementor-tabs-view-vertical .elementor-tabs-wrapper{flex-direction:column}.elementor-widget-tabs.elementor-tabs-view-vertical .elementor-tabs-content-wrapper{flex-grow:1;border-style:solid solid solid none}.elementor-widget-tabs.elementor-tabs-view-horizontal .elementor-tab-content{border-style:none solid solid}.elementor-widget-tabs.elementor-tabs-alignment-center .elementor-tabs-wrapper,.elementor-widget-tabs.elementor-tabs-alignment-end .elementor-tabs-wrapper,.elementor-widget-tabs.elementor-tabs-alignment-stretch .elementor-tabs-wrapper{display:flex}.elementor-widget-tabs.elementor-tabs-alignment-center .elementor-tabs-wrapper{justify-content:center}.elementor-widget-tabs.elementor-tabs-alignment-end .elementor-tabs-wrapper{justify-content:flex-end}.elementor-widget-tabs.elementor-tabs-alignment-stretch.elementor-tabs-view-horizontal .elementor-tab-title{width:100%}.elementor-widget-tabs.elementor-tabs-alignment-stretch.elementor-tabs-view-vertical .elementor-tab-title{height:100%}.elementor-tabs .elementor-tab-mobile-title{display:none}}<\/style>\t\t<div class=\"elementor-tabs\">\n\t\t\t<div class=\"elementor-tabs-wrapper\" role=\"tablist\" >\n\t\t\t\t\t\t\t\t\t<div id=\"elementor-tab-title-2481\" class=\"elementor-tab-title elementor-tab-desktop-title\" aria-selected=\"true\" data-tab=\"1\" role=\"tab\" tabindex=\"0\" aria-controls=\"elementor-tab-content-2481\" aria-expanded=\"false\">Fisioterapia \/ Osteopatia<\/div>\n\t\t\t\t\t\t\t<\/div>\n\t\t\t<div class=\"elementor-tabs-content-wrapper\" role=\"tablist\" aria-orientation=\"vertical\">\n\t\t\t\t\t\t\t\t\t<div class=\"elementor-tab-title elementor-tab-mobile-title\" aria-selected=\"true\" data-tab=\"1\" role=\"tab\" tabindex=\"0\" aria-controls=\"elementor-tab-content-2481\" aria-expanded=\"false\">Fisioterapia \/ Osteopatia<\/div>\n\t\t\t\t\t<div id=\"elementor-tab-content-2481\" class=\"elementor-tab-content elementor-clearfix\" data-tab=\"1\" role=\"tabpanel\" aria-labelledby=\"elementor-tab-title-2481\" tabindex=\"0\" hidden=\"false\"><p>La sesi\u00f3n tendr\u00e1 un coste de 40 euros, pero podr\u00e1 beneficiarse de alguno de nuestros bonos.<\/p><p style=\"padding-left: 40px;\">&#8211; Bono 5 sesiones 190 euros ( 38\u20ac sesi\u00f3n)<\/p><p style=\"padding-left: 40px;\">&#8211; Bono 10 sesiones 360 euros ( 36\u20ac sesi\u00f3n)<\/p><figure id=\"attachment_973\" aria-describedby=\"caption-attachment-973\" style=\"width: 784px\" class=\"wp-caption aligncenter\"><a href=\"https:\/\/www.clinicaprevention.com\/wp-content\/uploads\/2024\/02\/BonosClinica.jpg\"><img fetchpriority=\"high\" decoding=\"async\" class=\"size-full wp-image-973\" src=\"https:\/\/www.clinicaprevention.com\/wp-content\/uploads\/2024\/02\/BonosClinica.jpg\" alt=\"\" width=\"784\" height=\"780\" srcset=\"https:\/\/www.clinicaprevention.com\/wp-content\/uploads\/2024\/02\/BonosClinica.jpg 784w, https:\/\/www.clinicaprevention.com\/wp-content\/uploads\/2024\/02\/BonosClinica-300x298.jpg 300w, https:\/\/www.clinicaprevention.com\/wp-content\/uploads\/2024\/02\/BonosClinica-150x150.jpg 150w, https:\/\/www.clinicaprevention.com\/wp-content\/uploads\/2024\/02\/BonosClinica-768x764.jpg 768w, https:\/\/www.clinicaprevention.com\/wp-content\/uploads\/2024\/02\/BonosClinica-75x75.jpg 75w\" sizes=\"(max-width: 784px) 100vw, 784px\" \/><\/a><figcaption id=\"caption-attachment-973\" class=\"wp-caption-text\">Bonos disponibles en la clinica<\/figcaption><\/figure><p>\u00a0<\/p><p style=\"padding-left: 40px;\">\u00a0<\/p><\/div>\n\t\t\t\t\t\t\t<\/div>\n\t\t<\/div>\n\t\t\t\t<\/div>\n\t\t\t\t<\/div>\n\t\t\t\t\t<\/div>\n\t\t<\/div>\n\t\t\t\t\t\t\t<\/div>\n\t\t<\/section>\n\t\t\t\t\t\t\t<\/div>\n\t\t","protected":false},"excerpt":{"rendered":"<p>Fisioterapia \/ Osteopatia Fisioterapia \/ Osteopatia La sesi\u00f3n tendr\u00e1 un coste de 40 euros, pero podr\u00e1 beneficiarse de alguno de nuestros bonos. &#8211; Bono 5 sesiones 190 euros ( 38\u20ac sesi\u00f3n) &#8211; Bono 10 sesiones 360 euros ( 36\u20ac sesi\u00f3n) Bonos disponibles en la clinica \u00a0 \u00a0<\/p>\n","protected":false},"author":1,"featured_media":0,"parent":0,"menu_order":0,"comment_status":"closed","ping_status":"closed","template":"elementor_header_footer","meta":{"footnotes":""},"class_list":["post-532","page","type-page","status-publish","hentry"],"yoast_head":"<!-- This site is optimized with the Yoast SEO plugin v22.7 - https:\/\/yoast.com\/wordpress\/plugins\/seo\/ -->\n<title>Servicios<\/title>\n<meta name=\"robots\" content=\"index, follow, max-snippet:-1, max-image-preview:large, max-video-preview:-1\" \/>\n<link rel=\"canonical\" href=\"https:\/\/www.clinicaprevention.com\/index.php\/servicios\/\" \/>\n<meta property=\"og:locale\" content=\"es_ES\" \/>\n<meta property=\"og:type\" content=\"article\" \/>\n<meta property=\"og:title\" content=\"Servicios\" \/>\n<meta property=\"og:description\" content=\"Fisioterapia \/ Osteopatia Fisioterapia \/ Osteopatia La sesi\u00f3n tendr\u00e1 un coste de 40 euros, pero podr\u00e1 beneficiarse de alguno de nuestros bonos. &#8211; Bono 5 sesiones 190 euros ( 38\u20ac sesi\u00f3n) &#8211; Bono 10 sesiones 360 euros ( 36\u20ac sesi\u00f3n) Bonos disponibles en la clinica \u00a0 \u00a0\" \/>\n<meta property=\"og:url\" content=\"https:\/\/www.clinicaprevention.com\/index.php\/servicios\/\" \/>\n<meta property=\"og:site_name\" content=\"Clinica Prevention\" \/>\n<meta property=\"article:modified_time\" content=\"2024-02-15T18:48:49+00:00\" \/>\n<meta property=\"og:image\" content=\"https:\/\/www.clinicaprevention.com\/wp-content\/uploads\/2024\/02\/BonosClinica.jpg\" \/>\n<meta name=\"twitter:card\" content=\"summary_large_image\" \/>\n<meta name=\"twitter:label1\" content=\"Tiempo de lectura\" \/>\n\t<meta name=\"twitter:data1\" content=\"2 minutos\" \/>\n<script type=\"application\/ld+json\" class=\"yoast-schema-graph\">{\"@context\":\"https:\/\/schema.org\",\"@graph\":[{\"@type\":\"WebPage\",\"@id\":\"https:\/\/www.clinicaprevention.com\/index.php\/servicios\/\",\"url\":\"https:\/\/www.clinicaprevention.com\/index.php\/servicios\/\",\"name\":\"Servicios\",\"isPartOf\":{\"@id\":\"https:\/\/www.clinicaprevention.com\/#website\"},\"primaryImageOfPage\":{\"@id\":\"https:\/\/www.clinicaprevention.com\/index.php\/servicios\/#primaryimage\"},\"image\":{\"@id\":\"https:\/\/www.clinicaprevention.com\/index.php\/servicios\/#primaryimage\"},\"thumbnailUrl\":\"https:\/\/www.clinicaprevention.com\/wp-content\/uploads\/2024\/02\/BonosClinica.jpg\",\"datePublished\":\"2022-04-26T05:10:25+00:00\",\"dateModified\":\"2024-02-15T18:48:49+00:00\",\"breadcrumb\":{\"@id\":\"https:\/\/www.clinicaprevention.com\/index.php\/servicios\/#breadcrumb\"},\"inLanguage\":\"es\",\"potentialAction\":[{\"@type\":\"ReadAction\",\"target\":[\"https:\/\/www.clinicaprevention.com\/index.php\/servicios\/\"]}]},{\"@type\":\"ImageObject\",\"inLanguage\":\"es\",\"@id\":\"https:\/\/www.clinicaprevention.com\/index.php\/servicios\/#primaryimage\",\"url\":\"https:\/\/www.clinicaprevention.com\/wp-content\/uploads\/2024\/02\/BonosClinica.jpg\",\"contentUrl\":\"https:\/\/www.clinicaprevention.com\/wp-content\/uploads\/2024\/02\/BonosClinica.jpg\",\"width\":784,\"height\":780,\"caption\":\"Bonos disponibles en la clinica\"},{\"@type\":\"BreadcrumbList\",\"@id\":\"https:\/\/www.clinicaprevention.com\/index.php\/servicios\/#breadcrumb\",\"itemListElement\":[{\"@type\":\"ListItem\",\"position\":1,\"name\":\"Portada\",\"item\":\"https:\/\/www.clinicaprevention.com\/\"},{\"@type\":\"ListItem\",\"position\":2,\"name\":\"Servicios\"}]},{\"@type\":\"WebSite\",\"@id\":\"https:\/\/www.clinicaprevention.com\/#website\",\"url\":\"https:\/\/www.clinicaprevention.com\/\",\"name\":\"Clinica Prevention\",\"description\":\"Clinica fisioterapia, osteopatia\",\"publisher\":{\"@id\":\"https:\/\/www.clinicaprevention.com\/#organization\"},\"potentialAction\":[{\"@type\":\"SearchAction\",\"target\":{\"@type\":\"EntryPoint\",\"urlTemplate\":\"https:\/\/www.clinicaprevention.com\/?s={search_term_string}\"},\"query-input\":\"required name=search_term_string\"}],\"inLanguage\":\"es\"},{\"@type\":\"Organization\",\"@id\":\"https:\/\/www.clinicaprevention.com\/#organization\",\"name\":\"CLINICA PREVENTION\",\"url\":\"https:\/\/www.clinicaprevention.com\/\",\"logo\":{\"@type\":\"ImageObject\",\"inLanguage\":\"es\",\"@id\":\"https:\/\/www.clinicaprevention.com\/#\/schema\/logo\/image\/\",\"url\":\"https:\/\/www.clinicaprevention.com\/wp-content\/uploads\/2021\/11\/cropped-cropped-ClinicaPrevention.jpg\",\"contentUrl\":\"https:\/\/www.clinicaprevention.com\/wp-content\/uploads\/2021\/11\/cropped-cropped-ClinicaPrevention.jpg\",\"width\":2000,\"height\":1201,\"caption\":\"CLINICA PREVENTION\"},\"image\":{\"@id\":\"https:\/\/www.clinicaprevention.com\/#\/schema\/logo\/image\/\"}}]}<\/script>\n<!-- \/ Yoast SEO plugin. -->","yoast_head_json":{"title":"Servicios","robots":{"index":"index","follow":"follow","max-snippet":"max-snippet:-1","max-image-preview":"max-image-preview:large","max-video-preview":"max-video-preview:-1"},"canonical":"https:\/\/www.clinicaprevention.com\/index.php\/servicios\/","og_locale":"es_ES","og_type":"article","og_title":"Servicios","og_description":"Fisioterapia \/ Osteopatia Fisioterapia \/ Osteopatia La sesi\u00f3n tendr\u00e1 un coste de 40 euros, pero podr\u00e1 beneficiarse de alguno de nuestros bonos. &#8211; Bono 5 sesiones 190 euros ( 38\u20ac sesi\u00f3n) &#8211; Bono 10 sesiones 360 euros ( 36\u20ac sesi\u00f3n) Bonos disponibles en la clinica \u00a0 \u00a0","og_url":"https:\/\/www.clinicaprevention.com\/index.php\/servicios\/","og_site_name":"Clinica Prevention","article_modified_time":"2024-02-15T18:48:49+00:00","og_image":[{"url":"https:\/\/www.clinicaprevention.com\/wp-content\/uploads\/2024\/02\/BonosClinica.jpg"}],"twitter_card":"summary_large_image","twitter_misc":{"Tiempo de lectura":"2 minutos"},"schema":{"@context":"https:\/\/schema.org","@graph":[{"@type":"WebPage","@id":"https:\/\/www.clinicaprevention.com\/index.php\/servicios\/","url":"https:\/\/www.clinicaprevention.com\/index.php\/servicios\/","name":"Servicios","isPartOf":{"@id":"https:\/\/www.clinicaprevention.com\/#website"},"primaryImageOfPage":{"@id":"https:\/\/www.clinicaprevention.com\/index.php\/servicios\/#primaryimage"},"image":{"@id":"https:\/\/www.clinicaprevention.com\/index.php\/servicios\/#primaryimage"},"thumbnailUrl":"https:\/\/www.clinicaprevention.com\/wp-content\/uploads\/2024\/02\/BonosClinica.jpg","datePublished":"2022-04-26T05:10:25+00:00","dateModified":"2024-02-15T18:48:49+00:00","breadcrumb":{"@id":"https:\/\/www.clinicaprevention.com\/index.php\/servicios\/#breadcrumb"},"inLanguage":"es","potentialAction":[{"@type":"ReadAction","target":["https:\/\/www.clinicaprevention.com\/index.php\/servicios\/"]}]},{"@type":"ImageObject","inLanguage":"es","@id":"https:\/\/www.clinicaprevention.com\/index.php\/servicios\/#primaryimage","url":"https:\/\/www.clinicaprevention.com\/wp-content\/uploads\/2024\/02\/BonosClinica.jpg","contentUrl":"https:\/\/www.clinicaprevention.com\/wp-content\/uploads\/2024\/02\/BonosClinica.jpg","width":784,"height":780,"caption":"Bonos disponibles en la clinica"},{"@type":"BreadcrumbList","@id":"https:\/\/www.clinicaprevention.com\/index.php\/servicios\/#breadcrumb","itemListElement":[{"@type":"ListItem","position":1,"name":"Portada","item":"https:\/\/www.clinicaprevention.com\/"},{"@type":"ListItem","position":2,"name":"Servicios"}]},{"@type":"WebSite","@id":"https:\/\/www.clinicaprevention.com\/#website","url":"https:\/\/www.clinicaprevention.com\/","name":"Clinica Prevention","description":"Clinica fisioterapia, osteopatia","publisher":{"@id":"https:\/\/www.clinicaprevention.com\/#organization"},"potentialAction":[{"@type":"SearchAction","target":{"@type":"EntryPoint","urlTemplate":"https:\/\/www.clinicaprevention.com\/?s={search_term_string}"},"query-input":"required name=search_term_string"}],"inLanguage":"es"},{"@type":"Organization","@id":"https:\/\/www.clinicaprevention.com\/#organization","name":"CLINICA PREVENTION","url":"https:\/\/www.clinicaprevention.com\/","logo":{"@type":"ImageObject","inLanguage":"es","@id":"https:\/\/www.clinicaprevention.com\/#\/schema\/logo\/image\/","url":"https:\/\/www.clinicaprevention.com\/wp-content\/uploads\/2021\/11\/cropped-cropped-ClinicaPrevention.jpg","contentUrl":"https:\/\/www.clinicaprevention.com\/wp-content\/uploads\/2021\/11\/cropped-cropped-ClinicaPrevention.jpg","width":2000,"height":1201,"caption":"CLINICA PREVENTION"},"image":{"@id":"https:\/\/www.clinicaprevention.com\/#\/schema\/logo\/image\/"}}]}},"_links":{"self":[{"href":"https:\/\/www.clinicaprevention.com\/index.php\/wp-json\/wp\/v2\/pages\/532","targetHints":{"allow":["GET"]}}],"collection":[{"href":"https:\/\/www.clinicaprevention.com\/index.php\/wp-json\/wp\/v2\/pages"}],"about":[{"href":"https:\/\/www.clinicaprevention.com\/index.php\/wp-json\/wp\/v2\/types\/page"}],"author":[{"embeddable":true,"href":"https:\/\/www.clinicaprevention.com\/index.php\/wp-json\/wp\/v2\/users\/1"}],"replies":[{"embeddable":true,"href":"https:\/\/www.clinicaprevention.com\/index.php\/wp-json\/wp\/v2\/comments?post=532"}],"version-history":[{"count":39,"href":"https:\/\/www.clinicaprevention.com\/index.php\/wp-json\/wp\/v2\/pages\/532\/revisions"}],"predecessor-version":[{"id":982,"href":"https:\/\/www.clinicaprevention.com\/index.php\/wp-json\/wp\/v2\/pages\/532\/revisions\/982"}],"wp:attachment":[{"href":"https:\/\/www.clinicaprevention.com\/index.php\/wp-json\/wp\/v2\/media?parent=532"}],"curies":[{"name":"wp","href":"https:\/\/api.w.org\/{rel}","templated":true}]}}