{"id":464,"date":"2022-03-23T12:23:32","date_gmt":"2022-03-23T12:23:32","guid":{"rendered":"https:\/\/www.clinicaprevention.com\/?page_id=464"},"modified":"2022-07-03T12:30:25","modified_gmt":"2022-07-03T12:30:25","slug":"biblioteca","status":"publish","type":"page","link":"https:\/\/www.clinicaprevention.com\/index.php\/biblioteca\/","title":{"rendered":"Biblioteca"},"content":{"rendered":"\t\t<div data-elementor-type=\"wp-page\" data-elementor-id=\"464\" class=\"elementor elementor-464\">\n\t\t\t\t\t\t\t\t\t<section class=\"elementor-section elementor-top-section elementor-element elementor-element-c3b8757 elementor-section-boxed elementor-section-height-default elementor-section-height-default wpr-particle-no wpr-jarallax-no wpr-parallax-no wpr-sticky-section-no\" data-id=\"c3b8757\" data-element_type=\"section\">\n\t\t\t\t\t\t<div class=\"elementor-container elementor-column-gap-default\">\n\t\t\t\t\t<div class=\"elementor-column elementor-col-100 elementor-top-column elementor-element elementor-element-14e78c9\" data-id=\"14e78c9\" data-element_type=\"column\">\n\t\t\t<div class=\"elementor-widget-wrap elementor-element-populated\">\n\t\t\t\t\t\t\t\t<div class=\"elementor-element elementor-element-547b730 elementor-widget elementor-widget-text-editor\" data-id=\"547b730\" data-element_type=\"widget\" data-widget_type=\"text-editor.default\">\n\t\t\t\t<div class=\"elementor-widget-container\">\n\t\t\t<style>\/*! elementor - v3.18.0 - 20-12-2023 *\/\n.elementor-widget-text-editor.elementor-drop-cap-view-stacked .elementor-drop-cap{background-color:#69727d;color:#fff}.elementor-widget-text-editor.elementor-drop-cap-view-framed .elementor-drop-cap{color:#69727d;border:3px solid;background-color:transparent}.elementor-widget-text-editor:not(.elementor-drop-cap-view-default) .elementor-drop-cap{margin-top:8px}.elementor-widget-text-editor:not(.elementor-drop-cap-view-default) .elementor-drop-cap-letter{width:1em;height:1em}.elementor-widget-text-editor .elementor-drop-cap{float:left;text-align:center;line-height:1;font-size:50px}.elementor-widget-text-editor .elementor-drop-cap-letter{display:inline-block}<\/style>\t\t\t\t<p>En esta secci\u00f3n, podr\u00e1 encontrar art\u00edculos e informaci\u00f3n, que podr\u00eda ser de su inter\u00e9s.\u00a0<\/p><h5>-PATOLOG\u00cdAS Y DOLENCIA<\/h5><p style=\"padding-left: 40px;\"><a href=\"https:\/\/www.clinicaprevention.com\/index.php\/2022\/03\/22\/dolor-lumbar\/\">DOLOR LUMBAR<\/a><\/p><p style=\"padding-left: 40px;\"><a href=\"https:\/\/www.clinicaprevention.com\/index.php\/2022\/07\/03\/cinco-ejercicos-para-aliviar-el-dolor-de-cuello\/\">CINCO EJERCICIOS PARA ALIVIAR EL DOLOR DE CUELLO<\/a><\/p><h5>-TRATAMIENTOS<\/h5><p style=\"padding-left: 40px;\"><a href=\"https:\/\/www.clinicaprevention.com\/index.php\/2022\/07\/03\/magnetoterapia\/\">MAGNETOTERAPIA<\/a><\/p><p style=\"padding-left: 40px;\"><a href=\"https:\/\/www.clinicaprevention.com\/index.php\/2022\/07\/03\/electroterapia-y-ultrasonidos\/\">ELECTROTERAPIA Y ULTRASONIDOS<\/a><\/p><p style=\"padding-left: 40px;\"><a href=\"https:\/\/www.clinicaprevention.com\/index.php\/2022\/07\/03\/crioterapia\/\">CRIOTERAPIA<\/a><\/p><p style=\"padding-left: 40px;\"><a href=\"https:\/\/www.clinicaprevention.com\/index.php\/2022\/07\/03\/crioterapia\/\">PSICOLOGIA<\/a><\/p>\t\t\t\t\t\t<\/div>\n\t\t\t\t<\/div>\n\t\t\t\t\t<\/div>\n\t\t<\/div>\n\t\t\t\t\t\t\t<\/div>\n\t\t<\/section>\n\t\t\t\t\t\t\t<\/div>\n\t\t","protected":false},"excerpt":{"rendered":"<p>En esta secci\u00f3n, podr\u00e1 encontrar art\u00edculos e informaci\u00f3n, que podr\u00eda ser de su inter\u00e9s.\u00a0 -PATOLOG\u00cdAS Y DOLENCIA DOLOR LUMBAR CINCO EJERCICIOS PARA ALIVIAR EL DOLOR DE CUELLO -TRATAMIENTOS MAGNETOTERAPIA ELECTROTERAPIA Y ULTRASONIDOS CRIOTERAPIA PSICOLOGIA<\/p>\n","protected":false},"author":1,"featured_media":0,"parent":0,"menu_order":0,"comment_status":"closed","ping_status":"closed","template":"elementor_header_footer","meta":{"footnotes":""},"class_list":["post-464","page","type-page","status-publish","hentry"],"yoast_head":"<!-- This site is optimized with the Yoast SEO plugin v22.7 - https:\/\/yoast.com\/wordpress\/plugins\/seo\/ -->\n<title>Biblioteca<\/title>\n<meta name=\"robots\" content=\"index, follow, max-snippet:-1, max-image-preview:large, max-video-preview:-1\" \/>\n<link rel=\"canonical\" href=\"https:\/\/www.clinicaprevention.com\/index.php\/biblioteca\/\" \/>\n<meta property=\"og:locale\" content=\"es_ES\" \/>\n<meta property=\"og:type\" content=\"article\" \/>\n<meta property=\"og:title\" content=\"Biblioteca\" \/>\n<meta property=\"og:description\" content=\"En esta secci\u00f3n, podr\u00e1 encontrar art\u00edculos e informaci\u00f3n, que podr\u00eda ser de su inter\u00e9s.\u00a0 -PATOLOG\u00cdAS Y DOLENCIA DOLOR LUMBAR CINCO EJERCICIOS PARA ALIVIAR EL DOLOR DE CUELLO -TRATAMIENTOS MAGNETOTERAPIA ELECTROTERAPIA Y ULTRASONIDOS CRIOTERAPIA PSICOLOGIA\" \/>\n<meta property=\"og:url\" content=\"https:\/\/www.clinicaprevention.com\/index.php\/biblioteca\/\" \/>\n<meta property=\"og:site_name\" content=\"Clinica Prevention\" \/>\n<meta property=\"article:modified_time\" content=\"2022-07-03T12:30:25+00:00\" \/>\n<meta name=\"twitter:card\" content=\"summary_large_image\" \/>\n<meta name=\"twitter:label1\" content=\"Tiempo de lectura\" \/>\n\t<meta name=\"twitter:data1\" content=\"1 minuto\" \/>\n<script type=\"application\/ld+json\" class=\"yoast-schema-graph\">{\"@context\":\"https:\/\/schema.org\",\"@graph\":[{\"@type\":\"WebPage\",\"@id\":\"https:\/\/www.clinicaprevention.com\/index.php\/biblioteca\/\",\"url\":\"https:\/\/www.clinicaprevention.com\/index.php\/biblioteca\/\",\"name\":\"Biblioteca\",\"isPartOf\":{\"@id\":\"https:\/\/www.clinicaprevention.com\/#website\"},\"datePublished\":\"2022-03-23T12:23:32+00:00\",\"dateModified\":\"2022-07-03T12:30:25+00:00\",\"breadcrumb\":{\"@id\":\"https:\/\/www.clinicaprevention.com\/index.php\/biblioteca\/#breadcrumb\"},\"inLanguage\":\"es\",\"potentialAction\":[{\"@type\":\"ReadAction\",\"target\":[\"https:\/\/www.clinicaprevention.com\/index.php\/biblioteca\/\"]}]},{\"@type\":\"BreadcrumbList\",\"@id\":\"https:\/\/www.clinicaprevention.com\/index.php\/biblioteca\/#breadcrumb\",\"itemListElement\":[{\"@type\":\"ListItem\",\"position\":1,\"name\":\"Portada\",\"item\":\"https:\/\/www.clinicaprevention.com\/\"},{\"@type\":\"ListItem\",\"position\":2,\"name\":\"Biblioteca\"}]},{\"@type\":\"WebSite\",\"@id\":\"https:\/\/www.clinicaprevention.com\/#website\",\"url\":\"https:\/\/www.clinicaprevention.com\/\",\"name\":\"Clinica Prevention\",\"description\":\"Clinica fisioterapia, osteopatia\",\"publisher\":{\"@id\":\"https:\/\/www.clinicaprevention.com\/#organization\"},\"potentialAction\":[{\"@type\":\"SearchAction\",\"target\":{\"@type\":\"EntryPoint\",\"urlTemplate\":\"https:\/\/www.clinicaprevention.com\/?s={search_term_string}\"},\"query-input\":\"required name=search_term_string\"}],\"inLanguage\":\"es\"},{\"@type\":\"Organization\",\"@id\":\"https:\/\/www.clinicaprevention.com\/#organization\",\"name\":\"CLINICA PREVENTION\",\"url\":\"https:\/\/www.clinicaprevention.com\/\",\"logo\":{\"@type\":\"ImageObject\",\"inLanguage\":\"es\",\"@id\":\"https:\/\/www.clinicaprevention.com\/#\/schema\/logo\/image\/\",\"url\":\"https:\/\/www.clinicaprevention.com\/wp-content\/uploads\/2021\/11\/cropped-cropped-ClinicaPrevention.jpg\",\"contentUrl\":\"https:\/\/www.clinicaprevention.com\/wp-content\/uploads\/2021\/11\/cropped-cropped-ClinicaPrevention.jpg\",\"width\":2000,\"height\":1201,\"caption\":\"CLINICA PREVENTION\"},\"image\":{\"@id\":\"https:\/\/www.clinicaprevention.com\/#\/schema\/logo\/image\/\"}}]}<\/script>\n<!-- \/ Yoast SEO plugin. -->","yoast_head_json":{"title":"Biblioteca","robots":{"index":"index","follow":"follow","max-snippet":"max-snippet:-1","max-image-preview":"max-image-preview:large","max-video-preview":"max-video-preview:-1"},"canonical":"https:\/\/www.clinicaprevention.com\/index.php\/biblioteca\/","og_locale":"es_ES","og_type":"article","og_title":"Biblioteca","og_description":"En esta secci\u00f3n, podr\u00e1 encontrar art\u00edculos e informaci\u00f3n, que podr\u00eda ser de su inter\u00e9s.\u00a0 -PATOLOG\u00cdAS Y DOLENCIA DOLOR LUMBAR CINCO EJERCICIOS PARA ALIVIAR EL DOLOR DE CUELLO -TRATAMIENTOS MAGNETOTERAPIA ELECTROTERAPIA Y ULTRASONIDOS CRIOTERAPIA PSICOLOGIA","og_url":"https:\/\/www.clinicaprevention.com\/index.php\/biblioteca\/","og_site_name":"Clinica Prevention","article_modified_time":"2022-07-03T12:30:25+00:00","twitter_card":"summary_large_image","twitter_misc":{"Tiempo de lectura":"1 minuto"},"schema":{"@context":"https:\/\/schema.org","@graph":[{"@type":"WebPage","@id":"https:\/\/www.clinicaprevention.com\/index.php\/biblioteca\/","url":"https:\/\/www.clinicaprevention.com\/index.php\/biblioteca\/","name":"Biblioteca","isPartOf":{"@id":"https:\/\/www.clinicaprevention.com\/#website"},"datePublished":"2022-03-23T12:23:32+00:00","dateModified":"2022-07-03T12:30:25+00:00","breadcrumb":{"@id":"https:\/\/www.clinicaprevention.com\/index.php\/biblioteca\/#breadcrumb"},"inLanguage":"es","potentialAction":[{"@type":"ReadAction","target":["https:\/\/www.clinicaprevention.com\/index.php\/biblioteca\/"]}]},{"@type":"BreadcrumbList","@id":"https:\/\/www.clinicaprevention.com\/index.php\/biblioteca\/#breadcrumb","itemListElement":[{"@type":"ListItem","position":1,"name":"Portada","item":"https:\/\/www.clinicaprevention.com\/"},{"@type":"ListItem","position":2,"name":"Biblioteca"}]},{"@type":"WebSite","@id":"https:\/\/www.clinicaprevention.com\/#website","url":"https:\/\/www.clinicaprevention.com\/","name":"Clinica Prevention","description":"Clinica fisioterapia, osteopatia","publisher":{"@id":"https:\/\/www.clinicaprevention.com\/#organization"},"potentialAction":[{"@type":"SearchAction","target":{"@type":"EntryPoint","urlTemplate":"https:\/\/www.clinicaprevention.com\/?s={search_term_string}"},"query-input":"required name=search_term_string"}],"inLanguage":"es"},{"@type":"Organization","@id":"https:\/\/www.clinicaprevention.com\/#organization","name":"CLINICA PREVENTION","url":"https:\/\/www.clinicaprevention.com\/","logo":{"@type":"ImageObject","inLanguage":"es","@id":"https:\/\/www.clinicaprevention.com\/#\/schema\/logo\/image\/","url":"https:\/\/www.clinicaprevention.com\/wp-content\/uploads\/2021\/11\/cropped-cropped-ClinicaPrevention.jpg","contentUrl":"https:\/\/www.clinicaprevention.com\/wp-content\/uploads\/2021\/11\/cropped-cropped-ClinicaPrevention.jpg","width":2000,"height":1201,"caption":"CLINICA PREVENTION"},"image":{"@id":"https:\/\/www.clinicaprevention.com\/#\/schema\/logo\/image\/"}}]}},"_links":{"self":[{"href":"https:\/\/www.clinicaprevention.com\/index.php\/wp-json\/wp\/v2\/pages\/464","targetHints":{"allow":["GET"]}}],"collection":[{"href":"https:\/\/www.clinicaprevention.com\/index.php\/wp-json\/wp\/v2\/pages"}],"about":[{"href":"https:\/\/www.clinicaprevention.com\/index.php\/wp-json\/wp\/v2\/types\/page"}],"author":[{"embeddable":true,"href":"https:\/\/www.clinicaprevention.com\/index.php\/wp-json\/wp\/v2\/users\/1"}],"replies":[{"embeddable":true,"href":"https:\/\/www.clinicaprevention.com\/index.php\/wp-json\/wp\/v2\/comments?post=464"}],"version-history":[{"count":39,"href":"https:\/\/www.clinicaprevention.com\/index.php\/wp-json\/wp\/v2\/pages\/464\/revisions"}],"predecessor-version":[{"id":719,"href":"https:\/\/www.clinicaprevention.com\/index.php\/wp-json\/wp\/v2\/pages\/464\/revisions\/719"}],"wp:attachment":[{"href":"https:\/\/www.clinicaprevention.com\/index.php\/wp-json\/wp\/v2\/media?parent=464"}],"curies":[{"name":"wp","href":"https:\/\/api.w.org\/{rel}","templated":true}]}}