{"id":212,"date":"2022-02-22T17:06:18","date_gmt":"2022-02-22T17:06:18","guid":{"rendered":"https:\/\/www.clinicaprevention.com\/?page_id=212"},"modified":"2024-02-19T19:56:40","modified_gmt":"2024-02-19T19:56:40","slug":"ubicacion","status":"publish","type":"page","link":"https:\/\/www.clinicaprevention.com\/index.php\/ubicacion\/","title":{"rendered":"Ubicaci\u00f3n"},"content":{"rendered":"\t\t<div data-elementor-type=\"wp-page\" data-elementor-id=\"212\" class=\"elementor elementor-212\">\n\t\t\t\t\t\t\t\t\t<section class=\"elementor-section elementor-top-section elementor-element elementor-element-709ded1a elementor-section-boxed elementor-section-height-default elementor-section-height-default wpr-particle-no wpr-jarallax-no wpr-parallax-no wpr-sticky-section-no\" data-id=\"709ded1a\" data-element_type=\"section\">\n\t\t\t\t\t\t<div class=\"elementor-container elementor-column-gap-default\">\n\t\t\t\t\t<div class=\"elementor-column elementor-col-100 elementor-top-column elementor-element elementor-element-7889ed76\" data-id=\"7889ed76\" data-element_type=\"column\">\n\t\t\t<div class=\"elementor-widget-wrap elementor-element-populated\">\n\t\t\t\t\t\t\t\t<div class=\"elementor-element elementor-element-9585c99 elementor-widget elementor-widget-text-editor\" data-id=\"9585c99\" data-element_type=\"widget\" data-widget_type=\"text-editor.default\">\n\t\t\t\t<div class=\"elementor-widget-container\">\n\t\t\t<style>\/*! elementor - v3.18.0 - 20-12-2023 *\/\n.elementor-widget-text-editor.elementor-drop-cap-view-stacked .elementor-drop-cap{background-color:#69727d;color:#fff}.elementor-widget-text-editor.elementor-drop-cap-view-framed .elementor-drop-cap{color:#69727d;border:3px solid;background-color:transparent}.elementor-widget-text-editor:not(.elementor-drop-cap-view-default) .elementor-drop-cap{margin-top:8px}.elementor-widget-text-editor:not(.elementor-drop-cap-view-default) .elementor-drop-cap-letter{width:1em;height:1em}.elementor-widget-text-editor .elementor-drop-cap{float:left;text-align:center;line-height:1;font-size:50px}.elementor-widget-text-editor .elementor-drop-cap-letter{display:inline-block}<\/style>\t\t\t\t<p style=\"font-size: 16px;\">La cl\u00ednica se encuentra en la avenida Rey Juan Carlos I N\u00ba92-96 Planta 1\u00ba, Puerta 12, Legan\u00e9s, una buena ubicaci\u00f3n por encontrarse muy cerca de metrosur (El Carrascal) , y muchas l\u00edneas de autob\u00fas.<\/p><p style=\"font-size: 16px;\"><span style=\"font-weight: bolder; font-size: 16px;\">Transporte p\u00fablico:<\/span><\/p><p style=\"font-size: 16px;\"><span style=\"font-weight: bolder; font-size: 16px;\">\u00a0<\/span>\ud83d\ude87 Metro: El Carrascal (L12) a 1 minuto a pie <a href=\"https:\/\/www.metromadrid.es\/es\/linea\/linea-12-metrosur\" target=\"_blank\" rel=\"noopener\">M\u00e1s Informaci\u00f3n<\/a><\/p><p>\ud83d\ude8c Bus: L\u00edneas 485 (En la puerta) y 432, 481, 485, 488, 497 ( a 3 minutos andando)\u00a0\u00a0<a href=\"http:\/\/empresamartin.com\/lineas\" target=\"_blank\" rel=\"noopener\">M\u00e1s Informaci\u00f3n<\/a><\/p><p>\ud83d\ude97 Calle con mucho movimiento<\/p>\t\t\t\t\t\t<\/div>\n\t\t\t\t<\/div>\n\t\t\t\t\t<\/div>\n\t\t<\/div>\n\t\t\t\t\t\t\t<\/div>\n\t\t<\/section>\n\t\t\t\t<section class=\"elementor-section elementor-top-section elementor-element elementor-element-ac5976f elementor-section-boxed elementor-section-height-default elementor-section-height-default wpr-particle-no wpr-jarallax-no wpr-parallax-no wpr-sticky-section-no\" data-id=\"ac5976f\" data-element_type=\"section\">\n\t\t\t\t\t\t<div class=\"elementor-container elementor-column-gap-default\">\n\t\t\t\t\t<div class=\"elementor-column elementor-col-100 elementor-top-column elementor-element elementor-element-0851e9d\" data-id=\"0851e9d\" data-element_type=\"column\">\n\t\t\t<div class=\"elementor-widget-wrap elementor-element-populated\">\n\t\t\t\t\t\t\t\t<div class=\"elementor-element elementor-element-005c399 elementor-widget elementor-widget-google_maps\" data-id=\"005c399\" data-element_type=\"widget\" data-widget_type=\"google_maps.default\">\n\t\t\t\t<div class=\"elementor-widget-container\">\n\t\t\t<style>\/*! elementor - v3.18.0 - 20-12-2023 *\/\n.elementor-widget-google_maps .elementor-widget-container{overflow:hidden}.elementor-widget-google_maps .elementor-custom-embed{line-height:0}.elementor-widget-google_maps iframe{height:300px}<\/style>\t\t<div class=\"elementor-custom-embed\">\n\t\t\t<iframe loading=\"lazy\"\n\t\t\t\t\tdata-src=\"https:\/\/maps.google.com\/maps?q=Cl%C3%ADnica%20Prevention&#038;t=m&#038;z=15&#038;output=embed&#038;iwloc=near\"\n\t\t\t\t\ttitle=\"Cl\u00ednica Prevention\"\n\t\t\t\t\taria-label=\"Cl\u00ednica Prevention\"\n\t\t\t src=\"data:image\/gif;base64,R0lGODlhAQABAAAAACH5BAEKAAEALAAAAAABAAEAAAICTAEAOw==\" class=\"lazyload\" data-load-mode=\"1\"><\/iframe>\n\t\t<\/div>\n\t\t\t\t<\/div>\n\t\t\t\t<\/div>\n\t\t\t\t\t<\/div>\n\t\t<\/div>\n\t\t\t\t\t\t\t<\/div>\n\t\t<\/section>\n\t\t\t\t<section class=\"elementor-section elementor-top-section elementor-element elementor-element-d523a5b elementor-section-boxed elementor-section-height-default elementor-section-height-default wpr-particle-no wpr-jarallax-no wpr-parallax-no wpr-sticky-section-no\" data-id=\"d523a5b\" data-element_type=\"section\">\n\t\t\t\t\t\t<div class=\"elementor-container elementor-column-gap-default\">\n\t\t\t\t\t<div class=\"elementor-column elementor-col-100 elementor-top-column elementor-element elementor-element-01715f4\" data-id=\"01715f4\" data-element_type=\"column\">\n\t\t\t<div class=\"elementor-widget-wrap\">\n\t\t\t\t\t\t\t\t\t<\/div>\n\t\t<\/div>\n\t\t\t\t\t\t\t<\/div>\n\t\t<\/section>\n\t\t\t\t\t\t\t<\/div>\n\t\t","protected":false},"excerpt":{"rendered":"<p>La cl\u00ednica se encuentra en la avenida Rey Juan Carlos I N\u00ba92-96 Planta 1\u00ba, Puerta 12, Legan\u00e9s, una buena ubicaci\u00f3n por encontrarse muy cerca de metrosur (El Carrascal) , y muchas l\u00edneas de autob\u00fas. Transporte p\u00fablico: \u00a0\ud83d\ude87 Metro: El Carrascal (L12) a 1 minuto a pie M\u00e1s Informaci\u00f3n \ud83d\ude8c Bus: L\u00edneas 485 (En la puerta) y 432, 481, 485, 488, 497 ( a 3 minutos andando)\u00a0\u00a0M\u00e1s Informaci\u00f3n \ud83d\ude97 Calle con mucho movimiento<\/p>\n","protected":false},"author":1,"featured_media":0,"parent":0,"menu_order":0,"comment_status":"closed","ping_status":"closed","template":"elementor_header_footer","meta":{"footnotes":""},"class_list":["post-212","page","type-page","status-publish","hentry"],"yoast_head":"<!-- This site is optimized with the Yoast SEO plugin v22.7 - https:\/\/yoast.com\/wordpress\/plugins\/seo\/ -->\n<title>Ubicaci\u00f3n<\/title>\n<meta name=\"robots\" content=\"index, follow, max-snippet:-1, max-image-preview:large, max-video-preview:-1\" \/>\n<link rel=\"canonical\" href=\"https:\/\/www.clinicaprevention.com\/index.php\/ubicacion\/\" \/>\n<meta property=\"og:locale\" content=\"es_ES\" \/>\n<meta property=\"og:type\" content=\"article\" \/>\n<meta property=\"og:title\" content=\"Ubicaci\u00f3n\" \/>\n<meta property=\"og:description\" content=\"La cl\u00ednica se encuentra en la avenida Rey Juan Carlos I N\u00ba92-96 Planta 1\u00ba, Puerta 12, Legan\u00e9s, una buena ubicaci\u00f3n por encontrarse muy cerca de metrosur (El Carrascal) , y muchas l\u00edneas de autob\u00fas. Transporte p\u00fablico: \u00a0\ud83d\ude87 Metro: El Carrascal (L12) a 1 minuto a pie M\u00e1s Informaci\u00f3n \ud83d\ude8c Bus: L\u00edneas 485 (En la puerta) y 432, 481, 485, 488, 497 ( a 3 minutos andando)\u00a0\u00a0M\u00e1s Informaci\u00f3n \ud83d\ude97 Calle con mucho movimiento\" \/>\n<meta property=\"og:url\" content=\"https:\/\/www.clinicaprevention.com\/index.php\/ubicacion\/\" \/>\n<meta property=\"og:site_name\" content=\"Clinica Prevention\" \/>\n<meta property=\"article:modified_time\" content=\"2024-02-19T19:56:40+00:00\" \/>\n<meta name=\"twitter:card\" content=\"summary_large_image\" \/>\n<meta name=\"twitter:label1\" content=\"Tiempo de lectura\" \/>\n\t<meta name=\"twitter:data1\" content=\"1 minuto\" \/>\n<script type=\"application\/ld+json\" class=\"yoast-schema-graph\">{\"@context\":\"https:\/\/schema.org\",\"@graph\":[{\"@type\":\"WebPage\",\"@id\":\"https:\/\/www.clinicaprevention.com\/index.php\/ubicacion\/\",\"url\":\"https:\/\/www.clinicaprevention.com\/index.php\/ubicacion\/\",\"name\":\"Ubicaci\u00f3n\",\"isPartOf\":{\"@id\":\"https:\/\/www.clinicaprevention.com\/#website\"},\"datePublished\":\"2022-02-22T17:06:18+00:00\",\"dateModified\":\"2024-02-19T19:56:40+00:00\",\"breadcrumb\":{\"@id\":\"https:\/\/www.clinicaprevention.com\/index.php\/ubicacion\/#breadcrumb\"},\"inLanguage\":\"es\",\"potentialAction\":[{\"@type\":\"ReadAction\",\"target\":[\"https:\/\/www.clinicaprevention.com\/index.php\/ubicacion\/\"]}]},{\"@type\":\"BreadcrumbList\",\"@id\":\"https:\/\/www.clinicaprevention.com\/index.php\/ubicacion\/#breadcrumb\",\"itemListElement\":[{\"@type\":\"ListItem\",\"position\":1,\"name\":\"Portada\",\"item\":\"https:\/\/www.clinicaprevention.com\/\"},{\"@type\":\"ListItem\",\"position\":2,\"name\":\"Ubicaci\u00f3n\"}]},{\"@type\":\"WebSite\",\"@id\":\"https:\/\/www.clinicaprevention.com\/#website\",\"url\":\"https:\/\/www.clinicaprevention.com\/\",\"name\":\"Clinica Prevention\",\"description\":\"Clinica fisioterapia, osteopatia\",\"publisher\":{\"@id\":\"https:\/\/www.clinicaprevention.com\/#organization\"},\"potentialAction\":[{\"@type\":\"SearchAction\",\"target\":{\"@type\":\"EntryPoint\",\"urlTemplate\":\"https:\/\/www.clinicaprevention.com\/?s={search_term_string}\"},\"query-input\":\"required name=search_term_string\"}],\"inLanguage\":\"es\"},{\"@type\":\"Organization\",\"@id\":\"https:\/\/www.clinicaprevention.com\/#organization\",\"name\":\"CLINICA PREVENTION\",\"url\":\"https:\/\/www.clinicaprevention.com\/\",\"logo\":{\"@type\":\"ImageObject\",\"inLanguage\":\"es\",\"@id\":\"https:\/\/www.clinicaprevention.com\/#\/schema\/logo\/image\/\",\"url\":\"https:\/\/www.clinicaprevention.com\/wp-content\/uploads\/2021\/11\/cropped-cropped-ClinicaPrevention.jpg\",\"contentUrl\":\"https:\/\/www.clinicaprevention.com\/wp-content\/uploads\/2021\/11\/cropped-cropped-ClinicaPrevention.jpg\",\"width\":2000,\"height\":1201,\"caption\":\"CLINICA PREVENTION\"},\"image\":{\"@id\":\"https:\/\/www.clinicaprevention.com\/#\/schema\/logo\/image\/\"}}]}<\/script>\n<!-- \/ Yoast SEO plugin. -->","yoast_head_json":{"title":"Ubicaci\u00f3n","robots":{"index":"index","follow":"follow","max-snippet":"max-snippet:-1","max-image-preview":"max-image-preview:large","max-video-preview":"max-video-preview:-1"},"canonical":"https:\/\/www.clinicaprevention.com\/index.php\/ubicacion\/","og_locale":"es_ES","og_type":"article","og_title":"Ubicaci\u00f3n","og_description":"La cl\u00ednica se encuentra en la avenida Rey Juan Carlos I N\u00ba92-96 Planta 1\u00ba, Puerta 12, Legan\u00e9s, una buena ubicaci\u00f3n por encontrarse muy cerca de metrosur (El Carrascal) , y muchas l\u00edneas de autob\u00fas. Transporte p\u00fablico: \u00a0\ud83d\ude87 Metro: El Carrascal (L12) a 1 minuto a pie M\u00e1s Informaci\u00f3n \ud83d\ude8c Bus: L\u00edneas 485 (En la puerta) y 432, 481, 485, 488, 497 ( a 3 minutos andando)\u00a0\u00a0M\u00e1s Informaci\u00f3n \ud83d\ude97 Calle con mucho movimiento","og_url":"https:\/\/www.clinicaprevention.com\/index.php\/ubicacion\/","og_site_name":"Clinica Prevention","article_modified_time":"2024-02-19T19:56:40+00:00","twitter_card":"summary_large_image","twitter_misc":{"Tiempo de lectura":"1 minuto"},"schema":{"@context":"https:\/\/schema.org","@graph":[{"@type":"WebPage","@id":"https:\/\/www.clinicaprevention.com\/index.php\/ubicacion\/","url":"https:\/\/www.clinicaprevention.com\/index.php\/ubicacion\/","name":"Ubicaci\u00f3n","isPartOf":{"@id":"https:\/\/www.clinicaprevention.com\/#website"},"datePublished":"2022-02-22T17:06:18+00:00","dateModified":"2024-02-19T19:56:40+00:00","breadcrumb":{"@id":"https:\/\/www.clinicaprevention.com\/index.php\/ubicacion\/#breadcrumb"},"inLanguage":"es","potentialAction":[{"@type":"ReadAction","target":["https:\/\/www.clinicaprevention.com\/index.php\/ubicacion\/"]}]},{"@type":"BreadcrumbList","@id":"https:\/\/www.clinicaprevention.com\/index.php\/ubicacion\/#breadcrumb","itemListElement":[{"@type":"ListItem","position":1,"name":"Portada","item":"https:\/\/www.clinicaprevention.com\/"},{"@type":"ListItem","position":2,"name":"Ubicaci\u00f3n"}]},{"@type":"WebSite","@id":"https:\/\/www.clinicaprevention.com\/#website","url":"https:\/\/www.clinicaprevention.com\/","name":"Clinica Prevention","description":"Clinica fisioterapia, osteopatia","publisher":{"@id":"https:\/\/www.clinicaprevention.com\/#organization"},"potentialAction":[{"@type":"SearchAction","target":{"@type":"EntryPoint","urlTemplate":"https:\/\/www.clinicaprevention.com\/?s={search_term_string}"},"query-input":"required name=search_term_string"}],"inLanguage":"es"},{"@type":"Organization","@id":"https:\/\/www.clinicaprevention.com\/#organization","name":"CLINICA PREVENTION","url":"https:\/\/www.clinicaprevention.com\/","logo":{"@type":"ImageObject","inLanguage":"es","@id":"https:\/\/www.clinicaprevention.com\/#\/schema\/logo\/image\/","url":"https:\/\/www.clinicaprevention.com\/wp-content\/uploads\/2021\/11\/cropped-cropped-ClinicaPrevention.jpg","contentUrl":"https:\/\/www.clinicaprevention.com\/wp-content\/uploads\/2021\/11\/cropped-cropped-ClinicaPrevention.jpg","width":2000,"height":1201,"caption":"CLINICA PREVENTION"},"image":{"@id":"https:\/\/www.clinicaprevention.com\/#\/schema\/logo\/image\/"}}]}},"_links":{"self":[{"href":"https:\/\/www.clinicaprevention.com\/index.php\/wp-json\/wp\/v2\/pages\/212","targetHints":{"allow":["GET"]}}],"collection":[{"href":"https:\/\/www.clinicaprevention.com\/index.php\/wp-json\/wp\/v2\/pages"}],"about":[{"href":"https:\/\/www.clinicaprevention.com\/index.php\/wp-json\/wp\/v2\/types\/page"}],"author":[{"embeddable":true,"href":"https:\/\/www.clinicaprevention.com\/index.php\/wp-json\/wp\/v2\/users\/1"}],"replies":[{"embeddable":true,"href":"https:\/\/www.clinicaprevention.com\/index.php\/wp-json\/wp\/v2\/comments?post=212"}],"version-history":[{"count":58,"href":"https:\/\/www.clinicaprevention.com\/index.php\/wp-json\/wp\/v2\/pages\/212\/revisions"}],"predecessor-version":[{"id":985,"href":"https:\/\/www.clinicaprevention.com\/index.php\/wp-json\/wp\/v2\/pages\/212\/revisions\/985"}],"wp:attachment":[{"href":"https:\/\/www.clinicaprevention.com\/index.php\/wp-json\/wp\/v2\/media?parent=212"}],"curies":[{"name":"wp","href":"https:\/\/api.w.org\/{rel}","templated":true}]}}